{"id":75956,"date":"2024-02-01T15:20:03","date_gmt":"2024-02-01T14:20:03","guid":{"rendered":"https:\/\/businessbeta.wishibam.com\/?page_id=75956"},"modified":"2024-07-14T17:34:04","modified_gmt":"2024-07-14T15:34:04","slug":"seconde-main","status":"publish","type":"page","link":"https:\/\/wishibam.com\/en\/seconde-main\/","title":{"rendered":"Second hand"},"content":{"rendered":"<h5>WISHIBAM &amp; Seconde vie des produits<\/h5>\n<h1>La plateforme de seconde main WISHIBAM permet aux retailers de se r\u00e9inventer efficacement<\/h1>\n<p>En 2022, le march\u00e9 de la seconde main repr\u00e9sentait 105 Mds \u20ac en France, il devrait tripler d&#8217;ici 2025. Tendre vers une \u00e9conomie circulaire est un enjeu majeur pour les retailers aujourd&#8217;hui. Notre plateforme de seconde main permet de faciliter la cr\u00e9ation de produit pour une remise en stock facile et rentable !<\/p>\n<p><a href=\"\/en\/contact-us\/\" class=\"btn btn-theme-colored1\"><br \/>\nMeet our team!<br \/>\n<\/a><br \/>\n<a href=\"\/en\/contact-us\/\"><br \/>\n<img fetchpriority=\"high\" decoding=\"async\" width=\"1024\" height=\"742\" src=\"https:\/\/wishibam.com\/wp-content\/uploads\/2024\/02\/Frame-427319198-1024x742.png\" alt=\"marketplace de seconde main\" srcset=\"https:\/\/wishibam.com\/wp-content\/uploads\/2024\/02\/Frame-427319198-1024x742.png 1024w, https:\/\/wishibam.com\/wp-content\/uploads\/2024\/02\/Frame-427319198-300x217.png 300w, https:\/\/wishibam.com\/wp-content\/uploads\/2024\/02\/Frame-427319198-768x557.png 768w, https:\/\/wishibam.com\/wp-content\/uploads\/2024\/02\/Frame-427319198-18x12.png 18w, https:\/\/wishibam.com\/wp-content\/uploads\/2024\/02\/Frame-427319198.png 1247w\" sizes=\"(max-width: 1024px) 100vw, 1024px\" \/> <\/a><br \/>\n<a><br \/>\n<img decoding=\"async\" src=\"https:\/\/wishibam.com\/wp-content\/uploads\/2024\/02\/Frame-427319179.png\" alt=\"image\" \/> <\/a><\/p>\n<h4>Baisse de l&#8217;empreinte carbone<\/h4>\n<p><a><br \/>\n<img decoding=\"async\" src=\"https:\/\/wishibam.com\/wp-content\/uploads\/2024\/02\/Frame-427319179.png\" alt=\"image\" \/> <\/a><\/p>\n<h4>Improve customer loyalty<\/h4>\n<p><a><br \/>\n<img decoding=\"async\" src=\"https:\/\/wishibam.com\/wp-content\/uploads\/2024\/02\/Frame-427319179.png\" alt=\"image\" \/> <\/a><\/p>\n<h4>Increase margins<\/h4>\n<p><img decoding=\"async\" src=\"https:\/\/wishibam.com\/wp-content\/uploads\/2024\/02\/Frame-427319185-2-1024x713.png\" alt=\"Image\" \/><\/p>\n<h3>0+<\/h3>\n<h5>ann\u00e9es d&#8217;exp\u00e9rience dans la tech et le retail<\/h5>\n<h2>Why should you choose Wishibam?<\/h2>\n<p>Captez la croissance de ce segment. Deux choix s&#8217;offrent \u00e0 vous : la marketplace de seconde main (int\u00e9grer des marques et marchands tiers) et la plateforme de seconde main (en proposant la reprise et la r\u00e9paration de vos produits). Notre objectif : vous permettre d&#8217;adresser ses enjeux sans bouleverser vos fa\u00e7ons de faire existantes.<\/p>\n<h3 data-bs-toggle=\"collapse\" data-bs-target=\"#collapse251\" aria-expanded=\"false\" aria-controls=\"collapse251\">Expert in product feed management<\/h3>\n<p>Easily recreate product content, validate restocking and price levels.<\/p>\n<p>Nous utilisons l&#8217;IA pour g\u00e9n\u00e9rer du contenu pertinent qui vous permettra de cr\u00e9er des fiches produits qualitatives sans d\u00e9pense additionnelle et de vous positionner sur le bon prix.<\/p>\n<h3 data-bs-toggle=\"collapse\" data-bs-target=\"#collapse252\" aria-expanded=\"false\" aria-controls=\"collapse252\">Product recovery and restocking<\/h3>\n<p>Notre \u00e9quipe peut vous accompagner de la r\u00e9cup\u00e9ration des produits \u00e0 la remise en stock. Plateforme d&#8217;allocation du produit aux r\u00e9seaux de r\u00e9parateur, devis, &#8230;.<\/p>\n<h3 data-bs-toggle=\"collapse\" data-bs-target=\"#collapse253\" aria-expanded=\"false\" aria-controls=\"collapse253\">WISHIBAM Second Hand marrketplace<\/h3>\n<p>Sell products from third-party merchants to complement your offering.<\/p>\n<h3 data-bs-toggle=\"collapse\" data-bs-target=\"#collapse254\" aria-expanded=\"false\" aria-controls=\"collapse254\">High return of investment acquisition<\/h3>\n<p>Our teams will help you find the right products and merchants for a platform full of great products!<\/p>\n<h5>Second hand platform<\/h5>\n<h2>Manage everything in one single place<\/h2>\n<p><a href=\"\/en\/contact-us\/\" class=\"btn btn-theme-colored1\"><br \/>\nLEARN MORE<br \/>\n<\/a><br \/>\n<a><br \/>\n<\/a><\/p>\n<h6>Cr\u00e9ation des fiches produits via l&#8217;IA<\/h6>\n<p><a>\u00a0<\/a><\/p>\n<h6>Data management<\/h6>\n<p><a>\u00a0<\/a><\/p>\n<h6>Dashboard &amp; KPI<\/h6>\n<p><a>\u00a0<\/a><\/p>\n<h6>Marketplace<\/h6>\n<p><a>\u00a0<\/a><\/p>\n<h6>Stock management system<\/h6>\n<p><a>\u00a0<\/a><\/p>\n<h6>Omnichannel OMS<\/h6>\n<p><a>\u00a0<\/a><\/p>\n<h6>Complex price and promotion management<\/h6>\n<p><a>\u00a0<\/a><\/p>\n<h6>Content management<\/h6>\n<p><a>\u00a0<\/a><\/p>\n<h6>Advanced merchant management<\/h6>\n<p><a>\u00a0<\/a><\/p>\n<h6>Search avanc\u00e9e<\/h6>\n<p><a>\u00a0<\/a><\/p>\n<h6>Headless architecture<\/h6>\n<p><a>\u00a0<\/a><\/p>\n<h6>Multiple payment methods<\/h6>\n<p><a href=\"https:\/\/businessbeta.wishibam.com\/fr_fr\/contact-us\/\"><br \/>\n<img decoding=\"async\" width=\"744\" height=\"554\" src=\"https:\/\/wishibam.com\/wp-content\/uploads\/2024\/02\/Tablet-1.png\" alt=\"\" srcset=\"https:\/\/wishibam.com\/wp-content\/uploads\/2024\/02\/Tablet-1.png 744w, https:\/\/wishibam.com\/wp-content\/uploads\/2024\/02\/Tablet-1-300x223.png 300w, https:\/\/wishibam.com\/wp-content\/uploads\/2024\/02\/Tablet-1-16x12.png 16w\" sizes=\"(max-width: 744px) 100vw, 744px\" \/> <\/a><\/p>","protected":false},"excerpt":{"rendered":"<p>WISHIBAM &amp; Seconde vie des produits La plateforme de seconde main WISHIBAM permet aux retailers de se r\u00e9inventer efficacement En&#8230;<\/p>","protected":false},"author":5,"featured_media":0,"parent":0,"menu_order":0,"comment_status":"closed","ping_status":"closed","template":"","meta":{"om_disable_all_campaigns":false,"_monsterinsights_skip_tracking":false,"_monsterinsights_sitenote_active":false,"_monsterinsights_sitenote_note":"","_monsterinsights_sitenote_category":0,"_uf_show_specific_survey":0,"_uf_disable_surveys":false,"footnotes":""},"class_list":["post-75956","page","type-page","status-publish","hentry"],"yoast_head":"<!-- This site is optimized with the Yoast SEO Premium plugin v22.3 (Yoast SEO v25.6) - https:\/\/yoast.com\/wordpress\/plugins\/seo\/ -->\n<title>Wishibam | Seconde Vie | Captez la croissance du segment de la seconde main<\/title>\n<meta name=\"description\" content=\"Wishibam est la plateforme de seconde main la plus performante du march\u00e9. gr\u00e2ce \u00e0 l&#039;IA Nous proposons une offre clef en main pens\u00e9e retail !\" \/>\n<meta name=\"robots\" content=\"index, follow, max-snippet:-1, max-image-preview:large, max-video-preview:-1\" \/>\n<link rel=\"canonical\" href=\"https:\/\/wishibam.com\/en\/seconde-main\/\" \/>\n<meta property=\"og:locale\" content=\"en_GB\" \/>\n<meta property=\"og:type\" content=\"article\" \/>\n<meta property=\"og:title\" content=\"Seconde Main\" \/>\n<meta property=\"og:description\" content=\"Wishibam est la plateforme de seconde main la plus performante du march\u00e9. gr\u00e2ce \u00e0 l&#039;IA Nous proposons une offre clef en main pens\u00e9e retail !\" \/>\n<meta property=\"og:url\" content=\"https:\/\/wishibam.com\/en\/seconde-main\/\" \/>\n<meta property=\"og:site_name\" content=\"Wishibam\" \/>\n<meta property=\"article:modified_time\" content=\"2024-07-14T15:34:04+00:00\" \/>\n<meta property=\"og:image\" content=\"https:\/\/wishibam.com\/wp-content\/uploads\/2024\/02\/Frame-427319198-1024x742.png\" \/>\n<meta name=\"twitter:card\" content=\"summary_large_image\" \/>\n<meta name=\"twitter:label1\" content=\"Estimated reading time\" \/>\n\t<meta name=\"twitter:data1\" content=\"3 minutes\" \/>\n<script type=\"application\/ld+json\" class=\"yoast-schema-graph\">{\"@context\":\"https:\/\/schema.org\",\"@graph\":[{\"@type\":\"WebPage\",\"@id\":\"https:\/\/wishibam.com\/seconde-main\/\",\"url\":\"https:\/\/wishibam.com\/seconde-main\/\",\"name\":\"Wishibam | Seconde Vie | Captez la croissance du segment de la seconde main\",\"isPartOf\":{\"@id\":\"https:\/\/wishibam.com\/#website\"},\"primaryImageOfPage\":{\"@id\":\"https:\/\/wishibam.com\/seconde-main\/#primaryimage\"},\"image\":{\"@id\":\"https:\/\/wishibam.com\/seconde-main\/#primaryimage\"},\"thumbnailUrl\":\"https:\/\/wishibam.com\/wp-content\/uploads\/2024\/02\/Frame-427319198-1024x742.png\",\"datePublished\":\"2024-02-01T14:20:03+00:00\",\"dateModified\":\"2024-07-14T15:34:04+00:00\",\"description\":\"Wishibam est la plateforme de seconde main la plus performante du march\u00e9. gr\u00e2ce \u00e0 l'IA Nous proposons une offre clef en main pens\u00e9e retail !\",\"breadcrumb\":{\"@id\":\"https:\/\/wishibam.com\/seconde-main\/#breadcrumb\"},\"inLanguage\":\"en-GB\",\"potentialAction\":[{\"@type\":\"ReadAction\",\"target\":[\"https:\/\/wishibam.com\/seconde-main\/\"]}]},{\"@type\":\"ImageObject\",\"inLanguage\":\"en-GB\",\"@id\":\"https:\/\/wishibam.com\/seconde-main\/#primaryimage\",\"url\":\"https:\/\/wishibam.com\/wp-content\/uploads\/2024\/02\/Frame-427319198-1024x742.png\",\"contentUrl\":\"https:\/\/wishibam.com\/wp-content\/uploads\/2024\/02\/Frame-427319198-1024x742.png\"},{\"@type\":\"BreadcrumbList\",\"@id\":\"https:\/\/wishibam.com\/seconde-main\/#breadcrumb\",\"itemListElement\":[{\"@type\":\"ListItem\",\"position\":1,\"name\":\"Accueil\",\"item\":\"https:\/\/wishibam.com\/\"},{\"@type\":\"ListItem\",\"position\":2,\"name\":\"Seconde Main\"}]},{\"@type\":\"WebSite\",\"@id\":\"https:\/\/wishibam.com\/#website\",\"url\":\"https:\/\/wishibam.com\/\",\"name\":\"Wishibam\",\"description\":\"La plateforme omnicanale pens\u00e9e terrain\",\"publisher\":{\"@id\":\"https:\/\/wishibam.com\/#organization\"},\"potentialAction\":[{\"@type\":\"SearchAction\",\"target\":{\"@type\":\"EntryPoint\",\"urlTemplate\":\"https:\/\/wishibam.com\/?s={search_term_string}\"},\"query-input\":{\"@type\":\"PropertyValueSpecification\",\"valueRequired\":true,\"valueName\":\"search_term_string\"}}],\"inLanguage\":\"en-GB\"},{\"@type\":\"Organization\",\"@id\":\"https:\/\/wishibam.com\/#organization\",\"name\":\"Wishibam\",\"url\":\"https:\/\/wishibam.com\/\",\"logo\":{\"@type\":\"ImageObject\",\"inLanguage\":\"en-GB\",\"@id\":\"https:\/\/wishibam.com\/#\/schema\/logo\/image\/\",\"url\":\"https:\/\/wishibam.com\/wp-content\/uploads\/2023\/08\/Logo-Wishibam-removebg-preview-1.png\",\"contentUrl\":\"https:\/\/wishibam.com\/wp-content\/uploads\/2023\/08\/Logo-Wishibam-removebg-preview-1.png\",\"width\":1256,\"height\":199,\"caption\":\"Wishibam\"},\"image\":{\"@id\":\"https:\/\/wishibam.com\/#\/schema\/logo\/image\/\"},\"sameAs\":[\"https:\/\/fr.linkedin.com\/company\/wishibam\"]}]}<\/script>\n<!-- \/ Yoast SEO Premium plugin. -->","yoast_head_json":{"title":"Wishibam | Seconde Vie | Captez la croissance du segment de la seconde main","description":"Wishibam est la plateforme de seconde main la plus performante du march\u00e9. gr\u00e2ce \u00e0 l'IA Nous proposons une offre clef en main pens\u00e9e retail !","robots":{"index":"index","follow":"follow","max-snippet":"max-snippet:-1","max-image-preview":"max-image-preview:large","max-video-preview":"max-video-preview:-1"},"canonical":"https:\/\/wishibam.com\/en\/seconde-main\/","og_locale":"en_GB","og_type":"article","og_title":"Seconde Main","og_description":"Wishibam est la plateforme de seconde main la plus performante du march\u00e9. gr\u00e2ce \u00e0 l'IA Nous proposons une offre clef en main pens\u00e9e retail !","og_url":"https:\/\/wishibam.com\/en\/seconde-main\/","og_site_name":"Wishibam","article_modified_time":"2024-07-14T15:34:04+00:00","og_image":[{"url":"https:\/\/wishibam.com\/wp-content\/uploads\/2024\/02\/Frame-427319198-1024x742.png","type":"","width":"","height":""}],"twitter_card":"summary_large_image","twitter_misc":{"Estimated reading time":"3 minutes"},"schema":{"@context":"https:\/\/schema.org","@graph":[{"@type":"WebPage","@id":"https:\/\/wishibam.com\/seconde-main\/","url":"https:\/\/wishibam.com\/seconde-main\/","name":"Wishibam | Seconde Vie | Captez la croissance du segment de la seconde main","isPartOf":{"@id":"https:\/\/wishibam.com\/#website"},"primaryImageOfPage":{"@id":"https:\/\/wishibam.com\/seconde-main\/#primaryimage"},"image":{"@id":"https:\/\/wishibam.com\/seconde-main\/#primaryimage"},"thumbnailUrl":"https:\/\/wishibam.com\/wp-content\/uploads\/2024\/02\/Frame-427319198-1024x742.png","datePublished":"2024-02-01T14:20:03+00:00","dateModified":"2024-07-14T15:34:04+00:00","description":"Wishibam est la plateforme de seconde main la plus performante du march\u00e9. gr\u00e2ce \u00e0 l'IA Nous proposons une offre clef en main pens\u00e9e retail !","breadcrumb":{"@id":"https:\/\/wishibam.com\/seconde-main\/#breadcrumb"},"inLanguage":"en-GB","potentialAction":[{"@type":"ReadAction","target":["https:\/\/wishibam.com\/seconde-main\/"]}]},{"@type":"ImageObject","inLanguage":"en-GB","@id":"https:\/\/wishibam.com\/seconde-main\/#primaryimage","url":"https:\/\/wishibam.com\/wp-content\/uploads\/2024\/02\/Frame-427319198-1024x742.png","contentUrl":"https:\/\/wishibam.com\/wp-content\/uploads\/2024\/02\/Frame-427319198-1024x742.png"},{"@type":"BreadcrumbList","@id":"https:\/\/wishibam.com\/seconde-main\/#breadcrumb","itemListElement":[{"@type":"ListItem","position":1,"name":"Accueil","item":"https:\/\/wishibam.com\/"},{"@type":"ListItem","position":2,"name":"Seconde Main"}]},{"@type":"WebSite","@id":"https:\/\/wishibam.com\/#website","url":"https:\/\/wishibam.com\/","name":"Wishibam","description":"Scale your commerce operations with omnichannel","publisher":{"@id":"https:\/\/wishibam.com\/#organization"},"potentialAction":[{"@type":"SearchAction","target":{"@type":"EntryPoint","urlTemplate":"https:\/\/wishibam.com\/?s={search_term_string}"},"query-input":{"@type":"PropertyValueSpecification","valueRequired":true,"valueName":"search_term_string"}}],"inLanguage":"en-GB"},{"@type":"Organization","@id":"https:\/\/wishibam.com\/#organization","name":"Wishibam","url":"https:\/\/wishibam.com\/","logo":{"@type":"ImageObject","inLanguage":"en-GB","@id":"https:\/\/wishibam.com\/#\/schema\/logo\/image\/","url":"https:\/\/wishibam.com\/wp-content\/uploads\/2023\/08\/Logo-Wishibam-removebg-preview-1.png","contentUrl":"https:\/\/wishibam.com\/wp-content\/uploads\/2023\/08\/Logo-Wishibam-removebg-preview-1.png","width":1256,"height":199,"caption":"Wishibam"},"image":{"@id":"https:\/\/wishibam.com\/#\/schema\/logo\/image\/"},"sameAs":["https:\/\/fr.linkedin.com\/company\/wishibam"]}]}},"_links":{"self":[{"href":"https:\/\/wishibam.com\/en\/wp-json\/wp\/v2\/pages\/75956","targetHints":{"allow":["GET"]}}],"collection":[{"href":"https:\/\/wishibam.com\/en\/wp-json\/wp\/v2\/pages"}],"about":[{"href":"https:\/\/wishibam.com\/en\/wp-json\/wp\/v2\/types\/page"}],"author":[{"embeddable":true,"href":"https:\/\/wishibam.com\/en\/wp-json\/wp\/v2\/users\/5"}],"replies":[{"embeddable":true,"href":"https:\/\/wishibam.com\/en\/wp-json\/wp\/v2\/comments?post=75956"}],"version-history":[{"count":0,"href":"https:\/\/wishibam.com\/en\/wp-json\/wp\/v2\/pages\/75956\/revisions"}],"wp:attachment":[{"href":"https:\/\/wishibam.com\/en\/wp-json\/wp\/v2\/media?parent=75956"}],"curies":[{"name":"wp","href":"https:\/\/api.w.org\/{rel}","templated":true}]}}