{"id":81473,"date":"2025-05-30T16:54:09","date_gmt":"2025-05-30T14:54:09","guid":{"rendered":"https:\/\/wishibam.com\/?page_id=81473"},"modified":"2025-05-30T17:17:09","modified_gmt":"2025-05-30T15:17:09","slug":"mentions-legales","status":"publish","type":"page","link":"https:\/\/wishibam.com\/en\/mentions-legales\/","title":{"rendered":"Mentions L\u00e9gales"},"content":{"rendered":"<div data-elementor-type=\"wp-page\" data-elementor-id=\"81473\" class=\"elementor elementor-81473\" data-elementor-post-type=\"page\">\n\t\t\t\t\t\t<section class=\"elementor-section elementor-top-section elementor-element elementor-element-dcb90de elementor-section-full_width elementor-section-height-default elementor-section-height-default tm-col-stretched-none tm-bg-color-over-image\" data-id=\"dcb90de\" data-element_type=\"section\">\n\t\t\t\t\t\t<div class=\"elementor-container elementor-column-gap-default\">\n\t\t\t\t\t<div class=\"elementor-column elementor-col-100 elementor-top-column elementor-element elementor-element-19a25d0 tm-bg-color-over-image\" data-id=\"19a25d0\" data-element_type=\"column\">\n\t\t\t<div class=\"elementor-widget-wrap elementor-element-populated\">\n\t\t\t\t\t\t<div class=\"elementor-element elementor-element-ffad8ab square-box-align-left square-box-current-theme-yes horizontal-line-align-left vertical-line-align-bottom elementor-widget elementor-widget-tm-ele-section-title\" data-id=\"ffad8ab\" data-element_type=\"widget\" data-widget_type=\"tm-ele-section-title.default\">\n\t\t\t\t<div class=\"elementor-widget-container\">\n\t\t\t\t\t<div class=\"tm-sc-section-title section-title\">\r\n\t<div class=\"title-wrapper\">\r\n\t\t\t\t\t\t\t<h2 class=\"title\">\r\n\r\n\t\t\r\n\t\t\t\t<span class=\"title-part1\">Mentions L\u00e9gales<\/span>\r\n\t\t\t\t\r\n\t\t\r\n\t<\/h2>\r\n\t<div class=\"title-seperator-line\"><\/div>\t\t\t\t\t\t\t<\/div>\r\n<\/div>\t\t\t\t<\/div>\n\t\t\t\t<\/div>\n\t\t\t\t\t<\/div>\n\t\t<\/div>\n\t\t\t\t\t<\/div>\n\t\t<\/section>\n\t\t\t\t<section class=\"elementor-section elementor-top-section elementor-element elementor-element-6ea8cf9 elementor-section-boxed elementor-section-height-default elementor-section-height-default tm-col-stretched-none tm-bg-color-over-image\" data-id=\"6ea8cf9\" data-element_type=\"section\">\n\t\t\t\t\t\t<div class=\"elementor-container elementor-column-gap-default\">\n\t\t\t\t\t<div class=\"elementor-column elementor-col-100 elementor-top-column elementor-element elementor-element-83d63b2 tm-bg-color-over-image\" data-id=\"83d63b2\" data-element_type=\"column\">\n\t\t\t<div class=\"elementor-widget-wrap elementor-element-populated\">\n\t\t\t\t\t\t<div class=\"elementor-element elementor-element-c1bdd9c elementor-widget elementor-widget-text-editor\" data-id=\"c1bdd9c\" data-element_type=\"widget\" data-widget_type=\"text-editor.default\">\n\t\t\t\t<div class=\"elementor-widget-container\">\n\t\t\t\t\t\t\t\t\t<h2 data-start=\"68\" data-end=\"91\">1. \u00c9diteur du site<\/h2><p data-start=\"93\" data-end=\"389\"><strong data-start=\"93\" data-end=\"105\">WISHIBAM<\/strong><br data-start=\"105\" data-end=\"108\" \/>Soci\u00e9t\u00e9 par actions simplifi\u00e9e au capital de 15 000 \u20ac<br data-start=\"161\" data-end=\"164\" \/>Si\u00e8ge social : 350 rue Saint-Honor\u00e9, 75001 Paris, France<br data-start=\"220\" data-end=\"223\" \/>Immatricul\u00e9e au RCS Paris sous le n\u00b0 799 701 628 \u2013 SIREN 799 701 628<br data-start=\"291\" data-end=\"294\" \/>N\u00b0 TVA intracommunautaire : FR 16 799 701 628<br data-start=\"339\" data-end=\"342\" \/>Code APE : 6201Z \u2013 Programmation informatique<\/p><p data-start=\"391\" data-end=\"537\">Directrice de la publication : <strong data-start=\"422\" data-end=\"456\">Charlotte Benamran Journo-Baur<\/strong>, Pr\u00e9sidente-fondatrice<br data-start=\"479\" data-end=\"482\" \/>Contact : +33 (0)1 53 96 53 21 \u2013 <a data-start=\"515\" data-end=\"535\" class=\"cursor-pointer\" rel=\"noopener\">contact@wishibam.com<\/a><\/p><hr data-start=\"539\" data-end=\"542\" \/><h2 data-start=\"544\" data-end=\"561\">2. H\u00e9bergeur du site wishibam.com<\/h2><p data-start=\"563\" data-end=\"648\"><strong data-start=\"563\" data-end=\"574\">WordPress<\/strong><\/p><p data-start=\"563\" data-end=\"648\">H\u00e9bergeur des la solution SaaS WISHIBAM :\u00a0<\/p><p data-start=\"563\" data-end=\"648\">OVH\u00a0<br data-start=\"574\" data-end=\"577\" \/>2 rue Kellermann, 59100 Roubaix, France<br data-start=\"616\" data-end=\"619\" \/>T\u00e9l. : +33 (0)9 72 10 10 07<\/p><hr data-start=\"650\" data-end=\"653\" \/><h2 data-start=\"655\" data-end=\"687\">3. Conception &amp; r\u00e9alisation<\/h2><p data-start=\"689\" data-end=\"875\">Le pr\u00e9sent site corporate est d\u00e9velopp\u00e9 et h\u00e9berg\u00e9 sur wordpress.\u00a0<\/p><hr data-start=\"877\" data-end=\"880\" \/><h2 data-start=\"882\" data-end=\"914\">4. Propri\u00e9t\u00e9 intellectuelle<\/h2><p data-start=\"916\" data-end=\"1316\">L\u2019ensemble des contenus et \u00e9l\u00e9ments composant le site (textes, visuels, marques, logos, bases de donn\u00e9es, logiciels, etc.) est la propri\u00e9t\u00e9 exclusive de Wishibam ou de ses partenaires.<br data-start=\"1100\" data-end=\"1103\" \/>Toute reproduction, repr\u00e9sentation, diffusion ou exploitation, totale ou partielle, sans accord \u00e9crit et pr\u00e9alable de Wishibam est interdite (articles L.122-4 et suivants du Code de la propri\u00e9t\u00e9 intellectuelle).<\/p><hr data-start=\"1318\" data-end=\"1321\" \/><h2 data-start=\"1323\" data-end=\"1345\">5. Responsabilit\u00e9<\/h2><p data-start=\"1347\" data-end=\"1756\">Wishibam s\u2019efforce de fournir sur ce site des informations exactes, \u00e0 jour et compl\u00e8tes. Toutefois, celles-ci sont fournies <strong data-start=\"1471\" data-end=\"1488\">sans garantie<\/strong> de quelque nature que ce soit.<br data-start=\"1519\" data-end=\"1522\" \/>L\u2019utilisateur exploite le site et ses informations <strong data-start=\"1573\" data-end=\"1605\">sous sa seule responsabilit\u00e9<\/strong> (article 6-I-2 de la LCEN). Wishibam ne saurait \u00eatre tenue responsable des dommages directs ou indirects r\u00e9sultant de l\u2019acc\u00e8s ou de l\u2019usage du site.<\/p><hr data-start=\"1758\" data-end=\"1761\" \/><h2 data-start=\"1763\" data-end=\"1791\">6. Donn\u00e9es personnelles<\/h2><h3 data-start=\"1793\" data-end=\"1828\">6.1 Responsable de traitement<\/h3><p data-start=\"1829\" data-end=\"1867\">Wishibam, SAS, coordonn\u00e9es voir paragraphe 1.<\/p><h3 data-start=\"1869\" data-end=\"1904\">6.2 Finalit\u00e9s des traitements<\/h3><ul><li data-start=\"1907\" data-end=\"1970\">Gestion des demandes adress\u00e9es via le formulaire \u00ab Contact \u00bb.<\/li><li data-start=\"1971\" data-end=\"2152\"><p data-start=\"1973\" data-end=\"2152\">Mesure d\u2019audience via Google Analytics 4, configur\u00e9 en anonymisation IP et h\u00e9berg\u00e9 via proxy, afin d\u2019\u00e9viter tout transfert hors UE ; seules des donn\u00e9es agr\u00e9g\u00e9es sont exploit\u00e9es.<\/p><\/li><\/ul><h3 data-start=\"2154\" data-end=\"2175\">6.3 Base l\u00e9gale<\/h3><ul data-start=\"2176\" data-end=\"2345\"><li data-start=\"2176\" data-end=\"2252\"><p data-start=\"2178\" data-end=\"2252\"><strong data-start=\"2178\" data-end=\"2198\">Int\u00e9r\u00eat l\u00e9gitime<\/strong> de Wishibam pour r\u00e9pondre aux prospects et clients.<\/p><\/li><li data-start=\"2253\" data-end=\"2345\"><p data-start=\"2255\" data-end=\"2345\"><strong data-start=\"2255\" data-end=\"2271\">Consentement<\/strong> explicite pour les cookies non exempt\u00e9s (article 82 de la LIL et RGPD).<\/p><\/li><\/ul><h3 data-start=\"2347\" data-end=\"2379\">6.4 Dur\u00e9es de conservation<\/h3><ul data-start=\"2380\" data-end=\"2497\"><li data-start=\"2380\" data-end=\"2449\"><p data-start=\"2382\" data-end=\"2449\">Demandes de contact : <strong data-start=\"2404\" data-end=\"2413\">3 ans<\/strong> maximum apr\u00e8s le dernier \u00e9change.<\/p><\/li><li data-start=\"2450\" data-end=\"2497\"><p data-start=\"2452\" data-end=\"2497\">Cookies de mesure d\u2019audience : <strong data-start=\"2483\" data-end=\"2494\">13 mois<\/strong>.<\/p><\/li><\/ul><h3 data-start=\"2499\" data-end=\"2519\">6.5 Vos droits<\/h3><p data-start=\"2520\" data-end=\"2810\">Conform\u00e9ment au RGPD, vous disposez des droits d\u2019acc\u00e8s, de rectification, d\u2019effacement, d\u2019opposition et de limitation.<br data-start=\"2638\" data-end=\"2641\" \/>Pour les exercer : <a data-start=\"2660\" data-end=\"2676\" class=\"cursor-pointer\" rel=\"noopener\">dpo@wishibam.com<\/a> ou courrier \u00e0 l\u2019adresse du si\u00e8ge (voir \u00a71).<br data-start=\"2720\" data-end=\"2723\" \/>Vous pouvez \u00e9galement introduire une r\u00e9clamation aupr\u00e8s de la <strong data-start=\"2785\" data-end=\"2793\">CNIL<\/strong> (<a data-start=\"2795\" data-end=\"2806\" rel=\"noopener\" target=\"_new\" class=\"\" href=\"http:\/\/www.cnil.fr\">www.cnil.fr<\/a>).<\/p><hr data-start=\"2812\" data-end=\"2815\" \/><h2 data-start=\"2817\" data-end=\"2832\">7. Cookies<\/h2><p data-start=\"2834\" data-end=\"2893\">En poursuivant votre navigation, vous acceptez le d\u00e9p\u00f4t :<\/p><ul data-start=\"2895\" data-end=\"3153\"><li data-start=\"2895\" data-end=\"2988\"><p data-start=\"2897\" data-end=\"2988\"><strong data-start=\"2897\" data-end=\"2932\">Cookies strictement n\u00e9cessaires<\/strong> au fonctionnement du site \u2013 exempt\u00e9s de consentement.<\/p><\/li><li data-start=\"2989\" data-end=\"3153\"><p data-start=\"2991\" data-end=\"3153\"><strong data-start=\"2991\" data-end=\"3023\">Cookies de mesure d\u2019audience<\/strong> (GA 4), install\u00e9s <strong data-start=\"3043\" data-end=\"3052\">apr\u00e8s<\/strong> accord explicite via notre bandeau de consentement conforme aux lignes directrices CNIL 2020-2021.<\/p><\/li><\/ul><p data-start=\"3155\" data-end=\"3259\">Vous pouvez modifier vos pr\u00e9f\u00e9rences \u00e0 tout moment via le lien \u00ab Gestion des cookies \u00bb en bas de page.<\/p><hr data-start=\"3261\" data-end=\"3264\" \/><h2 data-start=\"3266\" data-end=\"3316\">8. Droit applicable et juridiction comp\u00e9tente<\/h2><p data-start=\"3318\" data-end=\"3503\">Les pr\u00e9sentes mentions sont r\u00e9gies par le <strong data-start=\"3360\" data-end=\"3378\">droit fran\u00e7ais<\/strong>. Tout litige relatif \u00e0 leur interpr\u00e9tation ou leur ex\u00e9cution rel\u00e8ve de la comp\u00e9tence exclusive des <strong data-start=\"3478\" data-end=\"3500\">tribunaux de Paris<\/strong>.<\/p><hr data-start=\"3505\" data-end=\"3508\" \/><h2 data-start=\"3510\" data-end=\"3525\">9. Contact<\/h2><p data-start=\"3527\" data-end=\"3631\">Pour toute question concernant le site ou ces mentions l\u00e9gales, \u00e9crivez-nous \u00e0 : <a data-start=\"3608\" data-end=\"3628\" class=\"cursor-pointer\" rel=\"noopener\">contact@wishibam.com<\/a>.<\/p>\t\t\t\t\t\t\t\t<\/div>\n\t\t\t\t<\/div>\n\t\t\t\t\t<\/div>\n\t\t<\/div>\n\t\t\t\t\t<\/div>\n\t\t<\/section>\n\t\t\t\t<\/div>","protected":false},"excerpt":{"rendered":"<p>Mentions L\u00e9gales 1. \u00c9diteur du site WISHIBAMSoci\u00e9t\u00e9 par actions simplifi\u00e9e au capital de 15 000 \u20acSi\u00e8ge social : 350 rue&#8230;<\/p>","protected":false},"author":5,"featured_media":0,"parent":0,"menu_order":0,"comment_status":"closed","ping_status":"closed","template":"","meta":{"om_disable_all_campaigns":false,"_monsterinsights_skip_tracking":false,"_monsterinsights_sitenote_active":false,"_monsterinsights_sitenote_note":"","_monsterinsights_sitenote_category":0,"_uf_show_specific_survey":0,"_uf_disable_surveys":false,"footnotes":""},"class_list":["post-81473","page","type-page","status-publish","hentry"],"yoast_head":"<!-- This site is optimized with the Yoast SEO Premium plugin v22.3 (Yoast SEO v25.6) - https:\/\/yoast.com\/wordpress\/plugins\/seo\/ -->\n<title>Mentions L\u00e9gales | Wishibam<\/title>\n<meta name=\"description\" content=\"mentions l\u00e9gales de wishibam\" \/>\n<meta name=\"robots\" content=\"noindex, follow\" \/>\n<meta property=\"og:locale\" content=\"en_GB\" \/>\n<meta property=\"og:type\" content=\"article\" \/>\n<meta property=\"og:title\" content=\"Mentions L\u00e9gales\" \/>\n<meta property=\"og:description\" content=\"mentions l\u00e9gales de wishibam\" \/>\n<meta property=\"og:url\" content=\"https:\/\/wishibam.com\/en\/mentions-legales\/\" \/>\n<meta property=\"og:site_name\" content=\"Wishibam\" \/>\n<meta property=\"article:modified_time\" content=\"2025-05-30T15:17:09+00:00\" \/>\n<meta name=\"twitter:card\" content=\"summary_large_image\" \/>\n<meta name=\"twitter:label1\" content=\"Estimated reading time\" \/>\n\t<meta name=\"twitter:data1\" content=\"3 minutes\" \/>\n<script type=\"application\/ld+json\" class=\"yoast-schema-graph\">{\"@context\":\"https:\/\/schema.org\",\"@graph\":[{\"@type\":\"WebPage\",\"@id\":\"https:\/\/wishibam.com\/mentions-legales\/\",\"url\":\"https:\/\/wishibam.com\/mentions-legales\/\",\"name\":\"Mentions L\u00e9gales | Wishibam\",\"isPartOf\":{\"@id\":\"https:\/\/wishibam.com\/#website\"},\"datePublished\":\"2025-05-30T14:54:09+00:00\",\"dateModified\":\"2025-05-30T15:17:09+00:00\",\"description\":\"mentions l\u00e9gales de wishibam\",\"breadcrumb\":{\"@id\":\"https:\/\/wishibam.com\/mentions-legales\/#breadcrumb\"},\"inLanguage\":\"en-GB\",\"potentialAction\":[{\"@type\":\"ReadAction\",\"target\":[\"https:\/\/wishibam.com\/mentions-legales\/\"]}]},{\"@type\":\"BreadcrumbList\",\"@id\":\"https:\/\/wishibam.com\/mentions-legales\/#breadcrumb\",\"itemListElement\":[{\"@type\":\"ListItem\",\"position\":1,\"name\":\"Accueil\",\"item\":\"https:\/\/wishibam.com\/\"},{\"@type\":\"ListItem\",\"position\":2,\"name\":\"Mentions L\u00e9gales\"}]},{\"@type\":\"WebSite\",\"@id\":\"https:\/\/wishibam.com\/#website\",\"url\":\"https:\/\/wishibam.com\/\",\"name\":\"Wishibam\",\"description\":\"La plateforme omnicanale pens\u00e9e terrain\",\"publisher\":{\"@id\":\"https:\/\/wishibam.com\/#organization\"},\"potentialAction\":[{\"@type\":\"SearchAction\",\"target\":{\"@type\":\"EntryPoint\",\"urlTemplate\":\"https:\/\/wishibam.com\/?s={search_term_string}\"},\"query-input\":{\"@type\":\"PropertyValueSpecification\",\"valueRequired\":true,\"valueName\":\"search_term_string\"}}],\"inLanguage\":\"en-GB\"},{\"@type\":\"Organization\",\"@id\":\"https:\/\/wishibam.com\/#organization\",\"name\":\"Wishibam\",\"url\":\"https:\/\/wishibam.com\/\",\"logo\":{\"@type\":\"ImageObject\",\"inLanguage\":\"en-GB\",\"@id\":\"https:\/\/wishibam.com\/#\/schema\/logo\/image\/\",\"url\":\"https:\/\/wishibam.com\/wp-content\/uploads\/2023\/08\/Logo-Wishibam-removebg-preview-1.png\",\"contentUrl\":\"https:\/\/wishibam.com\/wp-content\/uploads\/2023\/08\/Logo-Wishibam-removebg-preview-1.png\",\"width\":1256,\"height\":199,\"caption\":\"Wishibam\"},\"image\":{\"@id\":\"https:\/\/wishibam.com\/#\/schema\/logo\/image\/\"},\"sameAs\":[\"https:\/\/fr.linkedin.com\/company\/wishibam\"]}]}<\/script>\n<!-- \/ Yoast SEO Premium plugin. -->","yoast_head_json":{"title":"Mentions L\u00e9gales | Wishibam","description":"mentions l\u00e9gales de wishibam","robots":{"index":"noindex","follow":"follow"},"og_locale":"en_GB","og_type":"article","og_title":"Mentions L\u00e9gales","og_description":"mentions l\u00e9gales de wishibam","og_url":"https:\/\/wishibam.com\/en\/mentions-legales\/","og_site_name":"Wishibam","article_modified_time":"2025-05-30T15:17:09+00:00","twitter_card":"summary_large_image","twitter_misc":{"Estimated reading time":"3 minutes"},"schema":{"@context":"https:\/\/schema.org","@graph":[{"@type":"WebPage","@id":"https:\/\/wishibam.com\/mentions-legales\/","url":"https:\/\/wishibam.com\/mentions-legales\/","name":"Mentions L\u00e9gales | Wishibam","isPartOf":{"@id":"https:\/\/wishibam.com\/#website"},"datePublished":"2025-05-30T14:54:09+00:00","dateModified":"2025-05-30T15:17:09+00:00","description":"mentions l\u00e9gales de wishibam","breadcrumb":{"@id":"https:\/\/wishibam.com\/mentions-legales\/#breadcrumb"},"inLanguage":"en-GB","potentialAction":[{"@type":"ReadAction","target":["https:\/\/wishibam.com\/mentions-legales\/"]}]},{"@type":"BreadcrumbList","@id":"https:\/\/wishibam.com\/mentions-legales\/#breadcrumb","itemListElement":[{"@type":"ListItem","position":1,"name":"Accueil","item":"https:\/\/wishibam.com\/"},{"@type":"ListItem","position":2,"name":"Mentions L\u00e9gales"}]},{"@type":"WebSite","@id":"https:\/\/wishibam.com\/#website","url":"https:\/\/wishibam.com\/","name":"Wishibam","description":"Scale your commerce operations with omnichannel","publisher":{"@id":"https:\/\/wishibam.com\/#organization"},"potentialAction":[{"@type":"SearchAction","target":{"@type":"EntryPoint","urlTemplate":"https:\/\/wishibam.com\/?s={search_term_string}"},"query-input":{"@type":"PropertyValueSpecification","valueRequired":true,"valueName":"search_term_string"}}],"inLanguage":"en-GB"},{"@type":"Organization","@id":"https:\/\/wishibam.com\/#organization","name":"Wishibam","url":"https:\/\/wishibam.com\/","logo":{"@type":"ImageObject","inLanguage":"en-GB","@id":"https:\/\/wishibam.com\/#\/schema\/logo\/image\/","url":"https:\/\/wishibam.com\/wp-content\/uploads\/2023\/08\/Logo-Wishibam-removebg-preview-1.png","contentUrl":"https:\/\/wishibam.com\/wp-content\/uploads\/2023\/08\/Logo-Wishibam-removebg-preview-1.png","width":1256,"height":199,"caption":"Wishibam"},"image":{"@id":"https:\/\/wishibam.com\/#\/schema\/logo\/image\/"},"sameAs":["https:\/\/fr.linkedin.com\/company\/wishibam"]}]}},"_links":{"self":[{"href":"https:\/\/wishibam.com\/en\/wp-json\/wp\/v2\/pages\/81473","targetHints":{"allow":["GET"]}}],"collection":[{"href":"https:\/\/wishibam.com\/en\/wp-json\/wp\/v2\/pages"}],"about":[{"href":"https:\/\/wishibam.com\/en\/wp-json\/wp\/v2\/types\/page"}],"author":[{"embeddable":true,"href":"https:\/\/wishibam.com\/en\/wp-json\/wp\/v2\/users\/5"}],"replies":[{"embeddable":true,"href":"https:\/\/wishibam.com\/en\/wp-json\/wp\/v2\/comments?post=81473"}],"version-history":[{"count":0,"href":"https:\/\/wishibam.com\/en\/wp-json\/wp\/v2\/pages\/81473\/revisions"}],"wp:attachment":[{"href":"https:\/\/wishibam.com\/en\/wp-json\/wp\/v2\/media?parent=81473"}],"curies":[{"name":"wp","href":"https:\/\/api.w.org\/{rel}","templated":true}]}}